{"id":471,"date":"2013-12-05T17:02:40","date_gmt":"2013-12-05T17:02:40","guid":{"rendered":"http:\/\/www.abcmoldes.pt\/?page_id=471"},"modified":"2026-03-11T07:57:27","modified_gmt":"2026-03-11T07:57:27","slug":"home-2","status":"publish","type":"page","link":"https:\/\/www.abcmoldes.pt\/fr\/","title":{"rendered":"Home"},"content":{"rendered":"<p><div class=\"fusion-fullwidth fullwidth-box fusion-builder-row-1 fusion-flex-container hundred-percent-fullwidth non-hundred-percent-height-scrolling\" style=\"--awb-border-radius-top-left:0px;--awb-border-radius-top-right:0px;--awb-border-radius-bottom-right:0px;--awb-border-radius-bottom-left:0px;--awb-padding-top:0px;--awb-padding-right:0px;--awb-padding-bottom:0px;--awb-padding-left:0px;--awb-flex-wrap:wrap;\" ><div class=\"fusion-builder-row fusion-row fusion-flex-align-items-flex-start fusion-flex-content-wrap\" style=\"width:104% !important;max-width:104% !important;margin-left: calc(-4% \/ 2 );margin-right: calc(-4% \/ 2 );\"><div class=\"fusion-layout-column fusion_builder_column fusion-builder-column-0 fusion_builder_column_1_1 1_1 fusion-flex-column\" style=\"--awb-bg-size:cover;--awb-width-large:100%;--awb-margin-top-large:0px;--awb-spacing-right-large:1.92%;--awb-margin-bottom-large:20px;--awb-spacing-left-large:1.92%;--awb-width-medium:100%;--awb-order-medium:0;--awb-spacing-right-medium:1.92%;--awb-spacing-left-medium:1.92%;--awb-width-small:100%;--awb-order-small:0;--awb-spacing-right-small:1.92%;--awb-spacing-left-small:1.92%;\"><div class=\"fusion-column-wrapper fusion-column-has-shadow fusion-flex-justify-content-flex-start fusion-content-layout-column\"><script type=\"text\/javascript\">jQuery(function() { _initLayerSlider( '#layerslider_1_yehezkm5y5vh', {createdWith: '6.6.048', sliderVersion: '7.0.7', type: 'fullsize', fullSizeMode: 'fitheight', allowFullscreen: true, maxRatio: 1, skin: 'v6', sliderFadeInDuration: 350, navStartStop: false, useSrcset: true, skinsPath: 'https:\/\/www.abcmoldes.pt\/wp-content\/plugins\/LayerSlider\/assets\/static\/layerslider\/skins\/', performanceMode: true}); });<\/script><link href=\"https:\/\/fonts.googleapis.com\/css?family=Montserrat:100,100i,200,200i,300,300i,400,400i,500,500i,600,600i,700,700i,800,800i,900,900i\" rel=\"stylesheet\"><div id=\"layerslider_1_yehezkm5y5vh\"  class=\"ls-wp-container fitvidsignore ls-selectable\" style=\"width:1140px;height:650px;margin:0 auto;margin-bottom: 0px;\"><div class=\"ls-slide\" data-ls=\"duration:10000;transition2d:5;transitionduration:1500;kenburnszoom:in;kenburnsrotate:0;kenburnsscale:1.1;\"><img decoding=\"async\" width=\"1280\" height=\"830\" src=\"https:\/\/www.abcmoldes.pt\/wp-content\/uploads\/2013\/07\/IMGP04682.jpg\" class=\"ls-bg\" alt=\"\" srcset=\"https:\/\/www.abcmoldes.pt\/wp-content\/uploads\/2013\/07\/IMGP04682-300x194.jpg 300w, https:\/\/www.abcmoldes.pt\/wp-content\/uploads\/2013\/07\/IMGP04682-1024x664.jpg 1024w, https:\/\/www.abcmoldes.pt\/wp-content\/uploads\/2013\/07\/IMGP04682.jpg 1280w\" sizes=\"(max-width: 1280px) 100vw, 1280px\" \/><img decoding=\"async\" src=\"https:\/\/www.abcmoldes.pt\/wp-content\/plugins\/LayerSlider\/assets\/static\/admin\/img\/blank.gif\" class=\"ls-tn\" alt=\"Slide thumbnail\" \/><div style=\"background: linear-gradient(to bottom, rgba(0,0,0,0.66) 0%,rgba(0,0,0,0) 100%);top:0%;left:50%;text-align:initial;font-weight:400;font-style:normal;text-decoration:none;mix-blend-mode:normal;width:100%;height:80%;\" class=\"ls-l ls-html-layer\" data-ls=\"easingin:easeOutQuint;static:forever;position:fixed;\"><\/div><p style=\"top:298px;left:50%;text-align:center;font-weight:400;font-style:normal;text-decoration:none;mix-blend-mode:normal;font-family:Montserrat;font-size:25px;line-height:28px;color:rgba(255, 255, 255, 0.9);width:780px;white-space:normal;\" class=\"ls-l ls-text-layer\" data-ls=\"offsetyin:-30;delayin:300;easingin:easeOutExpo;fadein:false;scaleyin:0;transformoriginin:50% 0% 0;texttransitionin:true;texttypein:lines_asc;textshiftin:100;textoffsetyin:-20;texteasingin:easeOutQuint;textstartatin:transitioninstart + 100;static:forever;position:relative;\">C'est notre mission de garantir la cr\u00e9ation de valeur et la\np\u00e9rennit\u00e9 de votre entreprise.<\/p><p style=\"top:211px;left:50%;text-align:initial;font-weight:800;font-style:normal;text-decoration:none;mix-blend-mode:normal;font-family:Montserrat;font-size:64px;line-height:64px;color:#ffffff;\" class=\"ls-l ls-text-layer\" data-ls=\"offsetyin:100lh;durationin:1200;easingin:easeOutQuint;fadein:false;clipin:0 0 100% 0;texttransitionin:true;texttypein:words_asc;textdurationin:1200;texteasingin:easeOutQuint;textfadein:false;textstartatin:transitioninstart + 0;textrotatein:10;static:forever;position:relative;\">ABC MOLDES<\/p><a style=\"\" class=\"ls-l\" href=\"scroll-down\" target=\"ls-scroll\" data-ls=\"offsetyin:-30;delayin:800;easingin:easeOutQuint;hover:true;hoveroffsety:-5px;hoverbgcolor:#ffa90a;static:forever;position:relative;\"><span style=\"top:431px;left:338px;text-align:center;font-weight:400;font-style:normal;text-decoration:none;mix-blend-mode:normal;font-family:Montserrat;font-size:18px;line-height:50px;color:rgba(255, 255, 255, 0.99);width:212px;border-radius:25px;background-color:#0e1cb0;\" class=\"ls-button-layer\">En savoir plus<\/span><\/a><\/div><div class=\"ls-slide\" data-ls=\"duration:5000;transition2d:5;transitionduration:1500;kenburnszoom:in;kenburnsrotate:0;kenburnsscale:1.05;\"><img decoding=\"async\" width=\"663\" height=\"428\" src=\"https:\/\/www.abcmoldes.pt\/wp-content\/uploads\/2013\/07\/IMGP59121.jpg\" class=\"ls-bg\" alt=\"\" srcset=\"https:\/\/www.abcmoldes.pt\/wp-content\/uploads\/2013\/07\/IMGP59121-300x193.jpg 300w, https:\/\/www.abcmoldes.pt\/wp-content\/uploads\/2013\/07\/IMGP59121.jpg 663w\" sizes=\"(max-width: 663px) 100vw, 663px\" \/><\/div><div class=\"ls-slide\" data-ls=\"duration:5000;transition2d:5;transitionduration:1500;kenburnszoom:in;kenburnsrotate:0;kenburnsscale:1.05;\"><img decoding=\"async\" width=\"1024\" height=\"611\" src=\"https:\/\/www.abcmoldes.pt\/wp-content\/uploads\/2013\/07\/IMGP53491.jpg\" class=\"ls-bg\" alt=\"\" srcset=\"https:\/\/www.abcmoldes.pt\/wp-content\/uploads\/2013\/07\/IMGP53491-300x179.jpg 300w, https:\/\/www.abcmoldes.pt\/wp-content\/uploads\/2013\/07\/IMGP53491.jpg 1024w\" sizes=\"(max-width: 1024px) 100vw, 1024px\" \/><\/div><\/div><\/div><\/div><\/div><\/div><div class=\"fusion-fullwidth fullwidth-box fusion-builder-row-2 fusion-flex-container nonhundred-percent-fullwidth non-hundred-percent-height-scrolling\" style=\"--awb-border-color:var(--awb-color1);--awb-border-radius-top-left:0px;--awb-border-radius-top-right:0px;--awb-border-radius-bottom-right:0px;--awb-border-radius-bottom-left:0px;--awb-padding-top:100px;--awb-padding-bottom:100px;--awb-padding-top-medium:70px;--awb-padding-bottom-medium:70px;--awb-padding-top-small:50px;--awb-padding-bottom-small:70px;--awb-flex-wrap:wrap;\" ><div class=\"fusion-builder-row fusion-row fusion-flex-align-items-flex-start fusion-flex-content-wrap\" style=\"max-width:calc( 1200px + 0px );margin-left: calc(-0px \/ 2 );margin-right: calc(-0px \/ 2 );\"><div class=\"fusion-layout-column fusion_builder_column fusion-builder-column-1 fusion_builder_column_1_2 1_2 fusion-flex-column fusion-flex-align-self-center fusion-animated\" style=\"--awb-padding-top-small:41px;--awb-bg-size:cover;--awb-width-large:50%;--awb-margin-top-large:0px;--awb-spacing-right-large:80px;--awb-margin-bottom-large:80px;--awb-spacing-left-large:0px;--awb-width-medium:50%;--awb-order-medium:0;--awb-spacing-right-medium:80px;--awb-spacing-left-medium:0px;--awb-width-small:100%;--awb-order-small:1;--awb-spacing-right-small:0px;--awb-margin-bottom-small:60px;--awb-spacing-left-small:0px;\" data-animationType=\"fadeInLeft\" data-animationDuration=\"1.0\" data-animationOffset=\"top-into-view\"><div class=\"fusion-column-wrapper fusion-column-has-shadow fusion-flex-justify-content-center fusion-content-layout-column\"><div class=\"fusion-text fusion-text-1 fusion-text-no-margin\" style=\"--awb-font-size:var(--awb-typography2-font-size);--awb-line-height:var(--awb-typography2-line-height);--awb-letter-spacing:var(--awb-typography2-letter-spacing);--awb-text-transform:var(--awb-typography2-text-transform);--awb-margin-bottom:10px;--awb-text-font-family:var(--awb-typography2-font-family);--awb-text-font-weight:var(--awb-typography2-font-weight);--awb-text-font-style:var(--awb-typography2-font-style);\"><p>Plus de 40 ans d&rsquo;exp\u00e9rience<\/p>\n<\/div><div class=\"fusion-title title fusion-title-1 fusion-sep-none fusion-title-text fusion-title-size-two\" style=\"--awb-margin-bottom:30px;--awb-margin-top-small:10px;--awb-margin-right-small:0px;--awb-margin-bottom-small:30px;--awb-margin-left-small:0px;\"><h2 class=\"fusion-title-heading title-heading-left\" style=\"margin:0;letter-spacing:-1px;\">Prix \u200b\u200bcomp\u00e9titifs,<\/p>\n<p>D\u00e9lais stricts<\/p><\/h2><\/div><div class=\"fusion-separator\" style=\"align-self: flex-start;margin-right:auto;margin-bottom:50px;width:100%;max-width:80px;\"><div class=\"fusion-separator-border sep-single sep-solid\" style=\"--awb-height:20px;--awb-amount:20px;--awb-sep-color:var(--awb-color4);border-color:var(--awb-color4);border-top-width:3px;\"><\/div><\/div><ul style=\"--awb-size:18px;--awb-line-height:30.6px;--awb-icon-width:30.6px;--awb-icon-height:30.6px;--awb-icon-margin:12.6px;--awb-content-margin:43.2px;\" class=\"fusion-checklist fusion-checklist-1 fusion-checklist-default type-icons\"><li class=\"fusion-li-item\" style=\"\"><span class=\"icon-wrapper circle-no\"><i class=\"fusion-li-icon awb-icon-check\" aria-hidden=\"true\"><\/i><\/span><div class=\"fusion-li-item-content\">\n<p>Dans un monde de plus en plus globalis\u00e9, o\u00f9 les opportunit\u00e9s sont immenses et l&rsquo;offre vari\u00e9e, il est important d&rsquo;apporter des r\u00e9ponses qui s&rsquo;appuient sur un partenariat fort et durable, fond\u00e9 sur la confiance mutuelle pour une croissance soutenue.<\/p>\n<\/div><\/li><\/ul><\/div><\/div><div class=\"fusion-layout-column fusion_builder_column fusion-builder-column-2 fusion_builder_column_1_2 1_2 fusion-flex-column fusion-animated\" style=\"--awb-bg-size:cover;--awb-width-large:50%;--awb-margin-top-large:0px;--awb-spacing-right-large:0px;--awb-margin-bottom-large:80px;--awb-spacing-left-large:40px;--awb-width-medium:50%;--awb-order-medium:0;--awb-spacing-right-medium:0px;--awb-spacing-left-medium:40px;--awb-width-small:100%;--awb-order-small:0;--awb-spacing-right-small:0px;--awb-margin-bottom-small:0px;--awb-spacing-left-small:0px;\" data-animationType=\"fadeInRight\" data-animationDuration=\"1.0\" data-animationOffset=\"top-into-view\"><div class=\"fusion-column-wrapper fusion-column-has-shadow fusion-flex-justify-content-flex-start fusion-content-layout-column\"><div class=\"fusion-image-element \" style=\"text-align:center;--awb-aspect-ratio: 100 \/ 150;--awb-object-position:21% 68%;--awb-mask-url: url(https:\/\/www.abcmoldes.pt\/wp-content\/plugins\/fusion-builder\/\/assets\/images\/masks\/mask-17.svg);--awb-caption-title-font-family:var(--h2_typography-font-family);--awb-caption-title-font-weight:var(--h2_typography-font-weight);--awb-caption-title-font-style:var(--h2_typography-font-style);--awb-caption-title-size:var(--h2_typography-font-size);--awb-caption-title-transform:var(--h2_typography-text-transform);--awb-caption-title-line-height:var(--h2_typography-line-height);--awb-caption-title-letter-spacing:var(--h2_typography-letter-spacing);\"><span class=\" fusion-imageframe imageframe-none imageframe-1 hover-type-none has-mask has-aspect-ratio\"><img decoding=\"async\" width=\"300\" height=\"224\" title=\"IMGP6951\" src=\"https:\/\/www.abcmoldes.pt\/wp-content\/uploads\/2013\/11\/IMGP6951-300x224.jpg\" class=\"img-responsive wp-image-1107 img-with-aspect-ratio\" data-parent-fit=\"cover\" data-parent-container=\".fusion-image-element\" alt srcset=\"https:\/\/www.abcmoldes.pt\/wp-content\/uploads\/2013\/11\/IMGP6951-300x224.jpg 300w, https:\/\/www.abcmoldes.pt\/wp-content\/uploads\/2013\/11\/IMGP6951-1024x767.jpg 1024w, https:\/\/www.abcmoldes.pt\/wp-content\/uploads\/2013\/11\/IMGP6951.jpg 1920w\" sizes=\"(max-width: 300px) 100vw, 300px\" \/><\/span><\/div><\/div><\/div><div class=\"fusion-layout-column fusion_builder_column fusion-builder-column-3 fusion_builder_column_1_2 1_2 fusion-flex-column fusion-animated\" style=\"--awb-bg-size:cover;--awb-width-large:50%;--awb-margin-top-large:0px;--awb-spacing-right-large:40px;--awb-margin-bottom-large:0px;--awb-spacing-left-large:0px;--awb-width-medium:50%;--awb-order-medium:0;--awb-spacing-right-medium:40px;--awb-spacing-left-medium:0px;--awb-width-small:100%;--awb-order-small:2;--awb-spacing-right-small:0px;--awb-spacing-left-small:0px;\" data-animationType=\"fadeInLeft\" data-animationDuration=\"1.0\" data-animationOffset=\"top-into-view\"><div class=\"fusion-column-wrapper fusion-column-has-shadow fusion-flex-justify-content-flex-start fusion-content-layout-column\"><div class=\"fusion-image-element \" style=\"text-align:center;--awb-aspect-ratio: 100 \/ 123;--awb-object-position:34% 45%;--awb-mask-url: url(https:\/\/www.abcmoldes.pt\/wp-content\/plugins\/fusion-builder\/\/assets\/images\/masks\/mask-17.svg);--awb-mask-size: cover;--awb-caption-title-font-family:var(--h2_typography-font-family);--awb-caption-title-font-weight:var(--h2_typography-font-weight);--awb-caption-title-font-style:var(--h2_typography-font-style);--awb-caption-title-size:var(--h2_typography-font-size);--awb-caption-title-transform:var(--h2_typography-text-transform);--awb-caption-title-line-height:var(--h2_typography-line-height);--awb-caption-title-letter-spacing:var(--h2_typography-letter-spacing);\"><span class=\" fusion-imageframe imageframe-none imageframe-2 hover-type-none has-mask has-aspect-ratio\"><img decoding=\"async\" width=\"300\" height=\"220\" title=\"IMGP0790\" src=\"https:\/\/www.abcmoldes.pt\/wp-content\/uploads\/2013\/07\/IMGP07901-300x220.jpg\" class=\"img-responsive wp-image-1140 img-with-aspect-ratio\" data-parent-fit=\"cover\" data-parent-container=\".fusion-image-element\" alt srcset=\"https:\/\/www.abcmoldes.pt\/wp-content\/uploads\/2013\/07\/IMGP07901-300x220.jpg 300w, https:\/\/www.abcmoldes.pt\/wp-content\/uploads\/2013\/07\/IMGP07901.jpg 826w\" sizes=\"(max-width: 300px) 100vw, 300px\" \/><\/span><\/div><\/div><\/div><div class=\"fusion-layout-column fusion_builder_column fusion-builder-column-4 fusion_builder_column_1_2 1_2 fusion-flex-column fusion-flex-align-self-center fusion-animated\" style=\"--awb-padding-top-small:41px;--awb-bg-size:cover;--awb-width-large:50%;--awb-margin-top-large:0px;--awb-spacing-right-large:0px;--awb-margin-bottom-large:0px;--awb-spacing-left-large:80px;--awb-width-medium:50%;--awb-order-medium:0;--awb-spacing-right-medium:0px;--awb-spacing-left-medium:80px;--awb-width-small:100%;--awb-order-small:3;--awb-spacing-right-small:0px;--awb-spacing-left-small:0px;\" data-animationType=\"fadeInRight\" data-animationDuration=\"1.0\" data-animationOffset=\"top-into-view\"><div class=\"fusion-column-wrapper fusion-column-has-shadow fusion-flex-justify-content-center fusion-content-layout-column\"><div class=\"fusion-text fusion-text-2 fusion-text-no-margin\" style=\"--awb-font-size:var(--awb-typography2-font-size);--awb-line-height:var(--awb-typography2-line-height);--awb-letter-spacing:var(--awb-typography2-letter-spacing);--awb-text-transform:var(--awb-typography2-text-transform);--awb-margin-bottom:10px;--awb-text-font-family:var(--awb-typography2-font-family);--awb-text-font-weight:var(--awb-typography2-font-weight);--awb-text-font-style:var(--awb-typography2-font-style);\"><p>MISEZ SUR UN SERVICE COMPLET<\/p>\n<\/div><div class=\"fusion-title title fusion-title-2 fusion-sep-none fusion-title-text fusion-title-size-two\" style=\"--awb-margin-bottom:30px;--awb-margin-top-small:10px;--awb-margin-right-small:0px;--awb-margin-bottom-small:30px;--awb-margin-left-small:0px;\"><h2 class=\"fusion-title-heading title-heading-left\" style=\"margin:0;letter-spacing:-1px;\"><p>D\u00e8s la conception,<br \/>\nJusqu&rsquo;\u00e0 l&rsquo;exp\u00e9dition<\/p><\/h2><\/div><div class=\"fusion-separator\" style=\"align-self: flex-start;margin-right:auto;margin-bottom:50px;width:100%;max-width:80px;\"><div class=\"fusion-separator-border sep-single sep-solid\" style=\"--awb-height:20px;--awb-amount:20px;--awb-sep-color:var(--awb-color4);border-color:var(--awb-color4);border-top-width:3px;\"><\/div><\/div><div class=\"fusion-text fusion-text-3 fusion-text-no-margin\" style=\"--awb-margin-bottom:30px;\"><p><strong>ABC MOLDES<\/strong> est enti\u00e8rement responsable de l&rsquo;ensemble du processus de fabrication des moules et nous partageons toutes les informations avec nos clients avec des rapports de processus hebdomadaires.<\/p>\n<\/div><div ><a class=\"fusion-button button-3d fusion-button-default-size button-custom fusion-button-default button-1 fusion-button-default-span fusion-has-button-gradient\" style=\"--button_accent_color:#ffffff;--button_border_color:var(--awb-color8);--button_accent_hover_color:#ffffff;--button_border_hover_color:var(--awb-color1);--button_gradient_top_color:#de603d;--button_gradient_bottom_color:#de603d;--button_gradient_top_color_hover:#dd4d25;--button_gradient_bottom_color_hover:#de603d;\" target=\"_self\" href=\"https:\/\/www.abcmoldes.pt\/fr\/entreprise\/\"><span class=\"fusion-button-icon-divider button-icon-divider-left\"><i class=\"fa-angle-double-right fas awb-button__icon awb-button__icon--default\" aria-hidden=\"true\"><\/i><\/span><span class=\"fusion-button-text awb-button__text awb-button__text--default fusion-button-text-left\">En savoir plus sur ABC MOLDES<\/span><\/a><\/div><\/div><\/div><\/div><\/div><\/p>\n","protected":false},"excerpt":{"rendered":"","protected":false},"author":2,"featured_media":0,"parent":0,"menu_order":0,"comment_status":"closed","ping_status":"closed","template":"100-width.php","meta":{"footnotes":""},"class_list":["post-471","page","type-page","status-publish","hentry"],"_links":{"self":[{"href":"https:\/\/www.abcmoldes.pt\/fr\/wp-json\/wp\/v2\/pages\/471","targetHints":{"allow":["GET"]}}],"collection":[{"href":"https:\/\/www.abcmoldes.pt\/fr\/wp-json\/wp\/v2\/pages"}],"about":[{"href":"https:\/\/www.abcmoldes.pt\/fr\/wp-json\/wp\/v2\/types\/page"}],"author":[{"embeddable":true,"href":"https:\/\/www.abcmoldes.pt\/fr\/wp-json\/wp\/v2\/users\/2"}],"replies":[{"embeddable":true,"href":"https:\/\/www.abcmoldes.pt\/fr\/wp-json\/wp\/v2\/comments?post=471"}],"version-history":[{"count":0,"href":"https:\/\/www.abcmoldes.pt\/fr\/wp-json\/wp\/v2\/pages\/471\/revisions"}],"wp:attachment":[{"href":"https:\/\/www.abcmoldes.pt\/fr\/wp-json\/wp\/v2\/media?parent=471"}],"curies":[{"name":"wp","href":"https:\/\/api.w.org\/{rel}","templated":true}]}}