{"id":481,"date":"2013-11-28T10:56:35","date_gmt":"2013-11-28T10:56:35","guid":{"rendered":"http:\/\/www.abcmoldes.pt\/representacoes-2\/"},"modified":"2022-03-03T15:02:03","modified_gmt":"2022-03-03T15:02:03","slug":"parcerias","status":"publish","type":"page","link":"https:\/\/www.abcmoldes.pt\/es\/empresa\/parcerias\/","title":{"rendered":"Asociaciones"},"content":{"rendered":"<div class=\"fusion-fullwidth fullwidth-box fusion-builder-row-1 fusion-flex-container nonhundred-percent-fullwidth non-hundred-percent-height-scrolling\" style=\"--awb-border-radius-top-left:0px;--awb-border-radius-top-right:0px;--awb-border-radius-bottom-right:0px;--awb-border-radius-bottom-left:0px;--awb-flex-wrap:wrap;\" ><div class=\"fusion-builder-row fusion-row fusion-flex-align-items-flex-start fusion-flex-content-wrap\" style=\"max-width:1248px;margin-left: calc(-4% \/ 2 );margin-right: calc(-4% \/ 2 );\"><div class=\"fusion-layout-column fusion_builder_column fusion-builder-column-0 fusion_builder_column_2_3 2_3 fusion-flex-column\" style=\"--awb-bg-size:cover;--awb-width-large:66.666666666667%;--awb-margin-top-large:0px;--awb-spacing-right-large:2.88%;--awb-margin-bottom-large:0px;--awb-spacing-left-large:2.88%;--awb-width-medium:66.666666666667%;--awb-spacing-right-medium:2.88%;--awb-spacing-left-medium:2.88%;--awb-width-small:100%;--awb-spacing-right-small:1.92%;--awb-spacing-left-small:1.92%;\"><div class=\"fusion-column-wrapper fusion-flex-justify-content-flex-start fusion-content-layout-column\"><div class=\"fusion-text fusion-text-1\" style=\"--awb-text-transform:none;\"><p>EMP S.r.l.: fundada en 1977, la empresa EMP S.r.l. desarrolla, produce y suministra sistemas de canales calientes para la inyecci\u00f3n de termopl\u00e1sticos. Producidos en Italia, los productos EMP S.r.l. son t\u00e9cnicamente avanzados y fabricados con materiales de la m\u00e1s alta calidad, para cumplir con todos los requisitos t\u00e9cnicos de cada proyecto y responder positivamente a toda la gama de aplicaciones, garantizando el \u00e9xito exigido por los clientes.<\/p>\n<p>En Portugal, ABC MOLDES, Lda se enorgullece de ser el representante exclusivo de la empresa EMP S.r.l., brindando todo el soporte t\u00e9cnico y comercial a sus clientes. Para m\u00e1s detalles acceda a www.emp.it.<\/p>\n<\/div><\/div><\/div><div class=\"fusion-layout-column fusion_builder_column fusion-builder-column-1 fusion_builder_column_1_3 1_3 fusion-flex-column\" style=\"--awb-bg-size:cover;--awb-width-large:33.333333333333%;--awb-margin-top-large:0px;--awb-spacing-right-large:5.76%;--awb-margin-bottom-large:20px;--awb-spacing-left-large:5.76%;--awb-width-medium:33.333333333333%;--awb-order-medium:0;--awb-spacing-right-medium:5.76%;--awb-spacing-left-medium:5.76%;--awb-width-small:100%;--awb-order-small:0;--awb-spacing-right-small:1.92%;--awb-spacing-left-small:1.92%;\"><div class=\"fusion-column-wrapper fusion-column-has-shadow fusion-flex-justify-content-flex-start fusion-content-layout-column\"><div class=\"fusion-image-element \" style=\"--awb-caption-title-font-family:var(--h2_typography-font-family);--awb-caption-title-font-weight:var(--h2_typography-font-weight);--awb-caption-title-font-style:var(--h2_typography-font-style);--awb-caption-title-size:var(--h2_typography-font-size);--awb-caption-title-transform:var(--h2_typography-text-transform);--awb-caption-title-line-height:var(--h2_typography-line-height);--awb-caption-title-letter-spacing:var(--h2_typography-letter-spacing);\"><span class=\" fusion-imageframe imageframe-none imageframe-1 hover-type-none\"><img decoding=\"async\" width=\"219\" height=\"113\" title=\"emp\" src=\"https:\/\/www.abcmoldes.pt\/wp-content\/uploads\/2013\/11\/emp.jpg\" alt class=\"img-responsive wp-image-1171\"\/><\/span><\/div><\/div><\/div><\/div><\/div>\n","protected":false},"excerpt":{"rendered":"","protected":false},"author":2,"featured_media":1108,"parent":387,"menu_order":0,"comment_status":"closed","ping_status":"closed","template":"","meta":{"footnotes":""},"class_list":["post-481","page","type-page","status-publish","has-post-thumbnail","hentry"],"_links":{"self":[{"href":"https:\/\/www.abcmoldes.pt\/es\/wp-json\/wp\/v2\/pages\/481","targetHints":{"allow":["GET"]}}],"collection":[{"href":"https:\/\/www.abcmoldes.pt\/es\/wp-json\/wp\/v2\/pages"}],"about":[{"href":"https:\/\/www.abcmoldes.pt\/es\/wp-json\/wp\/v2\/types\/page"}],"author":[{"embeddable":true,"href":"https:\/\/www.abcmoldes.pt\/es\/wp-json\/wp\/v2\/users\/2"}],"replies":[{"embeddable":true,"href":"https:\/\/www.abcmoldes.pt\/es\/wp-json\/wp\/v2\/comments?post=481"}],"version-history":[{"count":0,"href":"https:\/\/www.abcmoldes.pt\/es\/wp-json\/wp\/v2\/pages\/481\/revisions"}],"up":[{"embeddable":true,"href":"https:\/\/www.abcmoldes.pt\/es\/wp-json\/wp\/v2\/pages\/387"}],"wp:featuredmedia":[{"embeddable":true,"href":"https:\/\/www.abcmoldes.pt\/es\/wp-json\/wp\/v2\/media\/1108"}],"wp:attachment":[{"href":"https:\/\/www.abcmoldes.pt\/es\/wp-json\/wp\/v2\/media?parent=481"}],"curies":[{"name":"wp","href":"https:\/\/api.w.org\/{rel}","templated":true}]}}