{"id":427,"date":"2013-12-05T16:35:47","date_gmt":"2013-12-05T16:35:47","guid":{"rendered":"http:\/\/www.abcmoldes.pt\/?page_id=427"},"modified":"2021-02-15T12:26:52","modified_gmt":"2021-02-15T12:26:52","slug":"prueba-del-molde","status":"publish","type":"page","link":"https:\/\/www.abcmoldes.pt\/es\/servicios\/prueba-del-molde\/","title":{"rendered":"Prueba Del Molde"},"content":{"rendered":"\n<p><p style=\"text-align: justify;\">Despu\u00e9s de finalizado, en las m\u00e1quinas las m\u00e1s parecidas posibles as del cliente, hacemos la prueba del molde, ondee procuramos simular las condiciones que el cliente encuentra en su empresa. Para lo tal el trinomio molde \u2013 m\u00e1quina &#8211; material es importante y la <strong>ABC MOLDES, Lda<\/strong> procura simular las condiciones del cliente, optimizando el proceso. Las muestras obtenidas en la prueba son enviadas al cliente por correo expreso.<\/p><\/p>\n\n\n\n<div class=\"wp-block-columns is-layout-flex wp-container-core-columns-is-layout-9d6595d7 wp-block-columns-is-layout-flex\">\n<div class=\"wp-block-column is-layout-flow wp-block-column-is-layout-flow\">\n<div class=\"wp-block-jetpack-slideshow aligncenter\" data-effect=\"slide\"><div class=\"wp-block-jetpack-slideshow_container swiper-container\"><ul class=\"wp-block-jetpack-slideshow_swiper-wrapper swiper-wrapper\"><li class=\"wp-block-jetpack-slideshow_slide swiper-slide\"><figure><img decoding=\"async\" width=\"873\" height=\"1184\" alt=\"ABC MOLDES, Lda - Servi\u00e7os - Teste de Molde\" class=\"wp-block-jetpack-slideshow_image wp-image-148\" data-id=\"148\" src=\"https:\/\/www.abcmoldes.pt\/wp-content\/uploads\/2013\/07\/IMGP0161-e1385977476698.jpg\" srcset=\"https:\/\/www.abcmoldes.pt\/wp-content\/uploads\/2013\/07\/IMGP0161-e1385977476698-221x300.jpg 221w, https:\/\/www.abcmoldes.pt\/wp-content\/uploads\/2013\/07\/IMGP0161-e1385977476698-755x1024.jpg 755w, https:\/\/www.abcmoldes.pt\/wp-content\/uploads\/2013\/07\/IMGP0161-e1385977476698.jpg 873w\" sizes=\"(max-width: 873px) 100vw, 873px\" \/><\/figure><\/li><li class=\"wp-block-jetpack-slideshow_slide swiper-slide\"><figure><img decoding=\"async\" width=\"873\" height=\"1180\" alt=\"ABC MOLDES, Lda - Servi\u00e7os - Teste de Molde\" class=\"wp-block-jetpack-slideshow_image wp-image-149\" data-id=\"149\" src=\"https:\/\/www.abcmoldes.pt\/wp-content\/uploads\/2013\/07\/abc-moldes-lda-servicos-teste-de-molde-2.jpg\" srcset=\"https:\/\/www.abcmoldes.pt\/wp-content\/uploads\/2013\/07\/abc-moldes-lda-servicos-teste-de-molde-2-221x300.jpg 221w, https:\/\/www.abcmoldes.pt\/wp-content\/uploads\/2013\/07\/abc-moldes-lda-servicos-teste-de-molde-2-757x1024.jpg 757w, https:\/\/www.abcmoldes.pt\/wp-content\/uploads\/2013\/07\/abc-moldes-lda-servicos-teste-de-molde-2.jpg 873w\" sizes=\"(max-width: 873px) 100vw, 873px\" \/><\/figure><\/li><li class=\"wp-block-jetpack-slideshow_slide swiper-slide\"><figure><img decoding=\"async\" width=\"1024\" height=\"655\" alt=\"ABC MOLDES, Lda - Servi\u00e7os - Teste de Molde\" class=\"wp-block-jetpack-slideshow_image wp-image-150\" data-id=\"150\" src=\"https:\/\/www.abcmoldes.pt\/wp-content\/uploads\/2013\/07\/abc-moldes-lda-servicos-teste-de-molde-3.jpg\" srcset=\"https:\/\/www.abcmoldes.pt\/wp-content\/uploads\/2013\/07\/abc-moldes-lda-servicos-teste-de-molde-3-300x191.jpg 300w, https:\/\/www.abcmoldes.pt\/wp-content\/uploads\/2013\/07\/abc-moldes-lda-servicos-teste-de-molde-3.jpg 1024w\" sizes=\"(max-width: 1024px) 100vw, 1024px\" \/><\/figure><\/li><li class=\"wp-block-jetpack-slideshow_slide swiper-slide\"><figure><img decoding=\"async\" width=\"1024\" height=\"657\" alt=\"ABC MOLDES, Lda - Servi\u00e7os - Teste de Molde\" class=\"wp-block-jetpack-slideshow_image wp-image-151\" data-id=\"151\" src=\"https:\/\/www.abcmoldes.pt\/wp-content\/uploads\/2013\/07\/abc-moldes-lda-servicos-teste-de-molde-4.jpg\" srcset=\"https:\/\/www.abcmoldes.pt\/wp-content\/uploads\/2013\/07\/abc-moldes-lda-servicos-teste-de-molde-4-300x192.jpg 300w, https:\/\/www.abcmoldes.pt\/wp-content\/uploads\/2013\/07\/abc-moldes-lda-servicos-teste-de-molde-4.jpg 1024w\" sizes=\"(max-width: 1024px) 100vw, 1024px\" \/><\/figure><\/li><li class=\"wp-block-jetpack-slideshow_slide swiper-slide\"><figure><img decoding=\"async\" width=\"1024\" height=\"704\" alt=\"ABC MOLDES, Lda - Servi\u00e7os - Teste de Molde\" class=\"wp-block-jetpack-slideshow_image wp-image-152\" data-id=\"152\" src=\"https:\/\/www.abcmoldes.pt\/wp-content\/uploads\/2013\/07\/abc-moldes-lda-servicos-teste-de-molde-5.jpg\" srcset=\"https:\/\/www.abcmoldes.pt\/wp-content\/uploads\/2013\/07\/abc-moldes-lda-servicos-teste-de-molde-5-300x206.jpg 300w, https:\/\/www.abcmoldes.pt\/wp-content\/uploads\/2013\/07\/abc-moldes-lda-servicos-teste-de-molde-5.jpg 1024w\" sizes=\"(max-width: 1024px) 100vw, 1024px\" \/><\/figure><\/li><li class=\"wp-block-jetpack-slideshow_slide swiper-slide\"><figure><img decoding=\"async\" width=\"960\" height=\"698\" alt=\"ABC MOLDES, Lda - Servi\u00e7os - Teste de Molde\" class=\"wp-block-jetpack-slideshow_image wp-image-153\" data-id=\"153\" src=\"https:\/\/www.abcmoldes.pt\/wp-content\/uploads\/2013\/07\/abc-moldes-lda-servicos-teste-de-molde-6.jpg\" srcset=\"https:\/\/www.abcmoldes.pt\/wp-content\/uploads\/2013\/07\/abc-moldes-lda-servicos-teste-de-molde-6-300x218.jpg 300w, https:\/\/www.abcmoldes.pt\/wp-content\/uploads\/2013\/07\/abc-moldes-lda-servicos-teste-de-molde-6.jpg 960w\" sizes=\"(max-width: 960px) 100vw, 960px\" \/><\/figure><\/li><\/ul><a class=\"wp-block-jetpack-slideshow_button-prev swiper-button-prev swiper-button-white\" role=\"button\"><\/a><a class=\"wp-block-jetpack-slideshow_button-next swiper-button-next swiper-button-white\" role=\"button\"><\/a><a aria-label=\"Pause Slideshow\" class=\"wp-block-jetpack-slideshow_button-pause\" role=\"button\"><\/a><div class=\"wp-block-jetpack-slideshow_pagination swiper-pagination swiper-pagination-white\"><\/div><\/div><\/div>\n<\/div>\n\n\n\n<div class=\"wp-block-column is-layout-flow wp-block-column-is-layout-flow\">\n<figure class=\"wp-block-video aligncenter\"><video controls src=\"https:\/\/www.abcmoldes.pt\/wp-content\/uploads\/2013\/12\/abc-moldes-lda-servicos-teste-de-molde-video.mp4\"><\/video><\/figure>\n<\/div>\n<\/div>\n","protected":false},"excerpt":{"rendered":"<p>Despu\u00e9s de finalizado, en las m\u00e1quinas las m\u00e1s parecidas posibles  [&#8230;]<\/p>\n","protected":false},"author":2,"featured_media":328,"parent":1620,"menu_order":4,"comment_status":"closed","ping_status":"closed","template":"","meta":{"footnotes":""},"class_list":["post-427","page","type-page","status-publish","has-post-thumbnail","hentry"],"_links":{"self":[{"href":"https:\/\/www.abcmoldes.pt\/es\/wp-json\/wp\/v2\/pages\/427","targetHints":{"allow":["GET"]}}],"collection":[{"href":"https:\/\/www.abcmoldes.pt\/es\/wp-json\/wp\/v2\/pages"}],"about":[{"href":"https:\/\/www.abcmoldes.pt\/es\/wp-json\/wp\/v2\/types\/page"}],"author":[{"embeddable":true,"href":"https:\/\/www.abcmoldes.pt\/es\/wp-json\/wp\/v2\/users\/2"}],"replies":[{"embeddable":true,"href":"https:\/\/www.abcmoldes.pt\/es\/wp-json\/wp\/v2\/comments?post=427"}],"version-history":[{"count":0,"href":"https:\/\/www.abcmoldes.pt\/es\/wp-json\/wp\/v2\/pages\/427\/revisions"}],"up":[{"embeddable":true,"href":"https:\/\/www.abcmoldes.pt\/es\/wp-json\/wp\/v2\/pages\/1620"}],"wp:featuredmedia":[{"embeddable":true,"href":"https:\/\/www.abcmoldes.pt\/es\/wp-json\/wp\/v2\/media\/328"}],"wp:attachment":[{"href":"https:\/\/www.abcmoldes.pt\/es\/wp-json\/wp\/v2\/media?parent=427"}],"curies":[{"name":"wp","href":"https:\/\/api.w.org\/{rel}","templated":true}]}}