{"id":439,"date":"2013-12-05T16:44:57","date_gmt":"2013-12-05T16:44:57","guid":{"rendered":"http:\/\/www.abcmoldes.pt\/?page_id=439"},"modified":"2021-02-15T15:02:12","modified_gmt":"2021-02-15T15:02:12","slug":"parts-production","status":"publish","type":"page","link":"https:\/\/www.abcmoldes.pt\/en\/services\/parts-production\/","title":{"rendered":"Parts Production"},"content":{"rendered":"\n<p>At the same machines where the mould test is made, pre-series and production of parts can be assured, by customer indication. With the source of the most modern machinery before our partners that process is possible to be achieves, under rigorous control of <strong>ABC MOLDES, Lda.<\/strong><\/p>\n\n\n\n<div class=\"wp-block-columns is-layout-flex wp-container-core-columns-is-layout-9d6595d7 wp-block-columns-is-layout-flex\">\n<div class=\"wp-block-column is-layout-flow wp-block-column-is-layout-flow\">\n<div class=\"wp-block-jetpack-slideshow aligncenter\" data-effect=\"slide\"><div class=\"wp-block-jetpack-slideshow_container swiper-container\"><ul class=\"wp-block-jetpack-slideshow_swiper-wrapper swiper-wrapper\"><li class=\"wp-block-jetpack-slideshow_slide swiper-slide\"><figure><img decoding=\"async\" width=\"698\" height=\"921\" alt=\"ABC MOLDES, Lda \u2013 Servi\u00e7os \u2013 Produ\u00e7\u00e3o de Pe\u00e7as\" class=\"wp-block-jetpack-slideshow_image wp-image-165\" data-id=\"165\" src=\"https:\/\/www.abcmoldes.pt\/wp-content\/uploads\/2013\/07\/abc-moldes-lda-servicos-producao-de-pecas-1.jpg\" srcset=\"https:\/\/www.abcmoldes.pt\/wp-content\/uploads\/2013\/07\/abc-moldes-lda-servicos-producao-de-pecas-1-227x300.jpg 227w, https:\/\/www.abcmoldes.pt\/wp-content\/uploads\/2013\/07\/abc-moldes-lda-servicos-producao-de-pecas-1.jpg 698w\" sizes=\"(max-width: 698px) 100vw, 698px\" \/><\/figure><\/li><li class=\"wp-block-jetpack-slideshow_slide swiper-slide\"><figure><img decoding=\"async\" width=\"811\" height=\"619\" alt=\"ABC MOLDES, Lda \u2013 Servi\u00e7os \u2013 Produ\u00e7\u00e3o de Pe\u00e7as\" class=\"wp-block-jetpack-slideshow_image wp-image-166\" data-id=\"166\" src=\"https:\/\/www.abcmoldes.pt\/wp-content\/uploads\/2013\/07\/abc-moldes-lda-servicos-producao-de-pecas-2.jpg\" srcset=\"https:\/\/www.abcmoldes.pt\/wp-content\/uploads\/2013\/07\/abc-moldes-lda-servicos-producao-de-pecas-2-300x228.jpg 300w, https:\/\/www.abcmoldes.pt\/wp-content\/uploads\/2013\/07\/abc-moldes-lda-servicos-producao-de-pecas-2.jpg 811w\" sizes=\"(max-width: 811px) 100vw, 811px\" \/><\/figure><\/li><li class=\"wp-block-jetpack-slideshow_slide swiper-slide\"><figure><img decoding=\"async\" width=\"696\" height=\"901\" alt=\"ABC MOLDES, Lda \u2013 Servi\u00e7os \u2013 Produ\u00e7\u00e3o de Pe\u00e7as\" class=\"wp-block-jetpack-slideshow_image wp-image-167\" data-id=\"167\" src=\"https:\/\/www.abcmoldes.pt\/wp-content\/uploads\/2013\/07\/IMGP6154-e1385980288335.jpg\" srcset=\"https:\/\/www.abcmoldes.pt\/wp-content\/uploads\/2013\/07\/IMGP6154-e1385980288335-231x300.jpg 231w, https:\/\/www.abcmoldes.pt\/wp-content\/uploads\/2013\/07\/IMGP6154-e1385980288335.jpg 696w\" sizes=\"(max-width: 696px) 100vw, 696px\" \/><\/figure><\/li><\/ul><a class=\"wp-block-jetpack-slideshow_button-prev swiper-button-prev swiper-button-white\" role=\"button\"><\/a><a class=\"wp-block-jetpack-slideshow_button-next swiper-button-next swiper-button-white\" role=\"button\"><\/a><a aria-label=\"Pause Slideshow\" class=\"wp-block-jetpack-slideshow_button-pause\" role=\"button\"><\/a><div class=\"wp-block-jetpack-slideshow_pagination swiper-pagination swiper-pagination-white\"><\/div><\/div><\/div>\n<\/div>\n\n\n\n<div class=\"wp-block-column is-layout-flow wp-block-column-is-layout-flow\">\n<figure class=\"wp-block-video aligncenter\"><video controls src=\"https:\/\/www.abcmoldes.pt\/wp-content\/uploads\/2013\/07\/abc-moldes-lda-servicos-producao-de-pecas-video.mp4\"><\/video><\/figure>\n<\/div>\n<\/div>\n","protected":false},"excerpt":{"rendered":"<p>At the same machines where the mould test is made,  [&#8230;]<\/p>\n","protected":false},"author":2,"featured_media":336,"parent":1614,"menu_order":6,"comment_status":"closed","ping_status":"closed","template":"","meta":{"footnotes":""},"class_list":["post-439","page","type-page","status-publish","has-post-thumbnail","hentry"],"_links":{"self":[{"href":"https:\/\/www.abcmoldes.pt\/en\/wp-json\/wp\/v2\/pages\/439","targetHints":{"allow":["GET"]}}],"collection":[{"href":"https:\/\/www.abcmoldes.pt\/en\/wp-json\/wp\/v2\/pages"}],"about":[{"href":"https:\/\/www.abcmoldes.pt\/en\/wp-json\/wp\/v2\/types\/page"}],"author":[{"embeddable":true,"href":"https:\/\/www.abcmoldes.pt\/en\/wp-json\/wp\/v2\/users\/2"}],"replies":[{"embeddable":true,"href":"https:\/\/www.abcmoldes.pt\/en\/wp-json\/wp\/v2\/comments?post=439"}],"version-history":[{"count":0,"href":"https:\/\/www.abcmoldes.pt\/en\/wp-json\/wp\/v2\/pages\/439\/revisions"}],"up":[{"embeddable":true,"href":"https:\/\/www.abcmoldes.pt\/en\/wp-json\/wp\/v2\/pages\/1614"}],"wp:featuredmedia":[{"embeddable":true,"href":"https:\/\/www.abcmoldes.pt\/en\/wp-json\/wp\/v2\/media\/336"}],"wp:attachment":[{"href":"https:\/\/www.abcmoldes.pt\/en\/wp-json\/wp\/v2\/media?parent=439"}],"curies":[{"name":"wp","href":"https:\/\/api.w.org\/{rel}","templated":true}]}}